{"id":234,"date":"2018-05-25T08:39:34","date_gmt":"2018-05-25T06:39:34","guid":{"rendered":"http:\/\/denis-meunier.be\/Deonisios\/?page_id=234"},"modified":"2020-04-29T15:10:47","modified_gmt":"2020-04-29T13:10:47","slug":"politique-de-confidentialite","status":"publish","type":"page","link":"https:\/\/denis-meunier.be\/Deonisios\/politique-de-confidentialite\/","title":{"rendered":"Politique de confidentialit\u00e9"},"content":{"rendered":"\n<h2 class=\"wp-block-heading\">Qui suis-je ?<\/h2>\n\n\n\n<p>Je suis un simple particulier et le pr\u00e9sent site n&rsquo;a aucune vocation commercialle.<br>L\u2019adresse de mon site Web est : http:\/\/denis-meunier.be<\/p>\n\n\n\n<h2 class=\"wp-block-heading\">Utilisation des donn\u00e9es personnelles collect\u00e9es<\/h2>\n\n\n\n<p>Certaines sections de mon site sont \u00ab\u00a0priv\u00e9es\u00a0\u00bb et prot\u00e9g\u00e9es par un acc\u00e8s s\u00e9curis\u00e9. L&rsquo;inscription \u00e0 ces sections est subordonn\u00e9e \u00e0 la fourniture d&rsquo;informations priv\u00e9es.<br><strong>Jamais, ces informations ne seront fournies, \u00e0 quel titre que ce soit \u00e0 des tierces personnes ou entreprises<\/strong><\/p>\n\n\n\n<h3 class=\"wp-block-heading\">Commentaires<\/h3>\n\n\n\n<p>Quand vous laissez un commentaire sur mon site web, les donn\u00e9es inscrites dans le formulaire de commentaire, mais aussi votre adresse IP et l\u2019agent utilisateur de votre navigateur sont collect\u00e9s, uniquement pour m&rsquo;aider \u00e0 la d\u00e9tection de commentaires ind\u00e9sirables.<\/p>\n\n\n\n<p>Une cha\u00eene anonymis\u00e9e cr\u00e9\u00e9e \u00e0 partir de votre adresse de messagerie (\u00e9galement appel\u00e9e hash) peut \u00eatre envoy\u00e9e au service Gravatar pour v\u00e9rifier si vous utilisez ce dernier.<br>Les clauses de confidentialit\u00e9 du service Gravatar sont disponibles ici&nbsp;: <a href=\"https:\/\/automattic.com\/privacy\/.\" target=\"_blank\" rel=\"noopener noreferrer\">https:\/\/automattic.com\/privacy\/.<\/a><\/p>\n\n\n\n<h3 class=\"wp-block-heading\">M\u00e9dias<\/h3>\n\n\n\n<p>Si vous \u00eates un utilisateur ou une utilisatrice enregistr\u00e9\u00b7e et que vous t\u00e9l\u00e9versez des images sur le site web, nous vous conseillons d\u2019\u00e9viter de t\u00e9l\u00e9verser des images contenant des donn\u00e9es EXIF de coordonn\u00e9es GPS. Les visiteurs de notre site web pourraient alors t\u00e9l\u00e9charger et extraire des donn\u00e9es de localisation depuis ces images.<\/p>\n\n\n\n<h3 class=\"wp-block-heading\">Cookies<\/h3>\n\n\n\n<p>Si vous d\u00e9posez un commentaire sur notre site, il vous sera propos\u00e9 d\u2019enregistrer votre nom, adresse de messagerie et site web dans des cookies. C\u2019est uniquement pour votre confort afin de ne pas avoir \u00e0 saisir ces informations si vous d\u00e9posez un autre commentaire plus tard. Ces cookies expirent au bout d\u2019un an.<\/p>\n\n\n\n<p>Si vous avez un compte et que vous vous connectez sur ce site, un cookie temporaire sera cr\u00e9\u00e9 afin de d\u00e9terminer si votre navigateur accepte les cookies.<strong> Il ne contient pas de donn\u00e9es personnelles<\/strong> et sera supprim\u00e9 automatiquement \u00e0 la fermeture de votre navigateur.<\/p>\n\n\n\n<p>Lorsque vous vous connecterez, nous mettrons en place un certain nombre de cookies pour enregistrer vos informations de connexion et vos pr\u00e9f\u00e9rences d\u2019\u00e9cran. La dur\u00e9e de vie d\u2019un cookie de connexion est de deux jours, celle d\u2019un cookie d\u2019option d\u2019\u00e9cran est d\u2019un an. Si vous cochez \u00ab&nbsp;Se souvenir de moi&nbsp;\u00bb, votre cookie de connexion sera conserv\u00e9 pendant deux semaines. Si vous vous d\u00e9connectez de votre compte, le cookie de connexion sera effac\u00e9.<\/p>\n\n\n\n<p>En modifiant ou en publiant un article (<em>pour les \u00e9diteurs autoris\u00e9s \u00e0 modifier du contenu<\/em>), un cookie suppl\u00e9mentaire sera enregistr\u00e9 dans votre navigateur. Ce cookie ne comprend aucune donn\u00e9e personnelle. Il indique simplement l\u2019identifiant de l\u2019article que vous venez de modifier. Il expire au bout d\u2019un jour.<\/p>\n\n\n\n<h3 class=\"wp-block-heading\">Contenu embarqu\u00e9 depuis d\u2019autres sites<\/h3>\n\n\n\n<p>Les articles de ce site peuvent inclure des contenus int\u00e9gr\u00e9s (par exemple des vid\u00e9os, images, articles\u2026). Le contenu int\u00e9gr\u00e9 depuis d\u2019autres sites se comporte de la m\u00eame mani\u00e8re que si le visiteur se rendait sur cet autre site.<\/p>\n\n\n\n<p>Ces sites web pourraient collecter des donn\u00e9es sur vous, utiliser des cookies, embarquer des outils de suivis tiers, suivre vos interactions avec ces contenus embarqu\u00e9s si vous disposez d\u2019un compte connect\u00e9 sur leur site web.<\/p>\n\n\n\n<h2 class=\"wp-block-heading\">Utilisation et transmission de vos donn\u00e9es personnelles<\/h2>\n\n\n\n<p>D&rsquo;aucune mani\u00e8re, vos donn\u00e9es personnelles ne seront jamais transmises \u00e0 des tiers<\/p>\n\n\n\n<h2 class=\"wp-block-heading\">Dur\u00e9es de stockage de vos donn\u00e9es<\/h2>\n\n\n\n<p>Si vous laissez un commentaire, le commentaire et ses m\u00e9tadonn\u00e9es sont conserv\u00e9s ind\u00e9finiment. Cela permet de reconna\u00eetre et approuver automatiquement les commentaires suivants au lieu de les laisser dans la file de mod\u00e9ration.<\/p>\n\n\n\n<p>Pour les utilisateurs et utilisatrices qui s\u2019enregistrent sur mon site, nous stockons \u00e9galement les donn\u00e9es personnelles indiqu\u00e9es dans leur profil.<\/p>\n\n\n\n<p>Tous les utilisateurs et utilisatrices peuvent voir, modifier ou supprimer leurs informations personnelles \u00e0 tout moment (\u00e0 l\u2019exception de leur nom d\u2019utilisateur\u00b7ice). Seul le gestionnaire du site&nbsp; (<em>moi-m\u00eame<\/em>) peut voir et modifier ces informations.<\/p>\n\n\n\n<h2 class=\"wp-block-heading\">Les droits que vous avez sur vos donn\u00e9es<\/h2>\n\n\n\n<p>Si vous avez un compte ou si vous avez laiss\u00e9 des commentaires sur le site, vous pouvez demander \u00e0 recevoir un fichier contenant toutes les donn\u00e9es personnelles que je poss\u00e8de \u00e0 votre sujet, incluant celles que vous nous avez fournies. Vous pouvez \u00e9galement demander la suppression des donn\u00e9es personnelles vous concernant. Cela ne prend pas en compte les donn\u00e9es stock\u00e9es \u00e0 des fins administratives, l\u00e9gales ou pour des raisons de s\u00e9curit\u00e9.<\/p>\n\n\n\n<h2 class=\"wp-block-heading\">Transmission de vos donn\u00e9es personnelles<\/h2>\n\n\n\n<p>Les commentaires des visiteurs peuvent \u00eatre v\u00e9rifi\u00e9s \u00e0 l\u2019aide d\u2019un service automatis\u00e9 de d\u00e9tection des commentaires ind\u00e9sirables.<\/p>\n\n\n\n<h2 class=\"wp-block-heading\">Informations de contact :<\/h2>\n\n\n\n<p>Vous pouvez me contacter via l&rsquo;adresse<br>Email : <strong><span style=\"color: #0000ff;\">blog<span style=\"color: #ff0000;\">&lsquo;AT&rsquo;<\/span>denis-meunier.be<\/span><br><\/strong><em>&nbsp; &nbsp; &nbsp; &nbsp; &nbsp; &nbsp; &nbsp; &nbsp; &nbsp; &nbsp; &nbsp; &nbsp; &nbsp; &nbsp; &nbsp; &nbsp;(Remplacez &lsquo;<\/em><strong><span style=\"color: #ff0000;\">AT&rsquo;<\/span><\/strong><em> par le caract\u00e8re ad\u00e9quat )<\/em><\/p>\n\n\n\n<h2 class=\"wp-block-heading\">Informations suppl\u00e9mentaires<\/h2>\n\n\n\n<h5 class=\"wp-block-heading\">Les services tiers qui nous transmettent des donn\u00e9es :<\/h5>\n\n\n\n<p><strong><span style=\"color: #ff0000;\">Aucun de ma propre initiative<\/span><\/strong><\/p>\n\n\n\n<h5 class=\"wp-block-heading\">Op\u00e9rations de marketing automatis\u00e9 et\/ou de profilage r\u00e9alis\u00e9es \u00e0 l\u2019aide des donn\u00e9es personnelles<\/h5>\n\n\n\n<p><strong><span style=\"color: #ff0000;\">Aucune de ma propre initiative<\/span><\/strong><\/p>\n\n\n\n<h2 class=\"wp-block-heading\">Engagement personnel \u00e0 votre \u00e9gard :<\/h2>\n\n\n\n<p><strong>Je m&rsquo;engage \u00e0 prendre toutes les mesures informatiques les plus actualis\u00e9es pour prot\u00e9ger les donn\u00e9es personnelles que vous me confiez via ce site.<\/strong><br><strong>Denis MEUNIER<\/strong><\/p>\n","protected":false},"excerpt":{"rendered":"<p>Qui suis-je ? Je suis un simple particulier et le pr\u00e9sent site n&rsquo;a aucune vocation commercialle.L\u2019adresse de mon site Web est : http:\/\/denis-meunier.be Utilisation des donn\u00e9es personnelles collect\u00e9es Certaines sections de mon site sont \u00ab\u00a0priv\u00e9es\u00a0\u00bb et prot\u00e9g\u00e9es par un acc\u00e8s &hellip; <a href=\"https:\/\/denis-meunier.be\/Deonisios\/politique-de-confidentialite\/\">Continuer la lecture <span class=\"meta-nav\">&rarr;<\/span><\/a><\/p>\n","protected":false},"author":1,"featured_media":0,"parent":0,"menu_order":0,"comment_status":"closed","ping_status":"closed","template":"","meta":{"footnotes":""},"class_list":["post-234","page","type-page","status-publish","hentry"],"_links":{"self":[{"href":"https:\/\/denis-meunier.be\/Deonisios\/wp-json\/wp\/v2\/pages\/234","targetHints":{"allow":["GET"]}}],"collection":[{"href":"https:\/\/denis-meunier.be\/Deonisios\/wp-json\/wp\/v2\/pages"}],"about":[{"href":"https:\/\/denis-meunier.be\/Deonisios\/wp-json\/wp\/v2\/types\/page"}],"author":[{"embeddable":true,"href":"https:\/\/denis-meunier.be\/Deonisios\/wp-json\/wp\/v2\/users\/1"}],"replies":[{"embeddable":true,"href":"https:\/\/denis-meunier.be\/Deonisios\/wp-json\/wp\/v2\/comments?post=234"}],"version-history":[{"count":7,"href":"https:\/\/denis-meunier.be\/Deonisios\/wp-json\/wp\/v2\/pages\/234\/revisions"}],"predecessor-version":[{"id":720,"href":"https:\/\/denis-meunier.be\/Deonisios\/wp-json\/wp\/v2\/pages\/234\/revisions\/720"}],"wp:attachment":[{"href":"https:\/\/denis-meunier.be\/Deonisios\/wp-json\/wp\/v2\/media?parent=234"}],"curies":[{"name":"wp","href":"https:\/\/api.w.org\/{rel}","templated":true}]}}