{"id":1544,"date":"2026-01-28T21:15:07","date_gmt":"2026-01-28T20:15:07","guid":{"rendered":"https:\/\/denis-meunier.be\/Deonisios\/?page_id=1544"},"modified":"2026-03-31T21:49:58","modified_gmt":"2026-03-31T19:49:58","slug":"nos-vehicules","status":"publish","type":"page","link":"https:\/\/denis-meunier.be\/Deonisios\/nos-vehicules\/","title":{"rendered":"Nos \u00ab\u00a0V\u00e9hicules Exp\u00e9riences\u00a0\u00bb"},"content":{"rendered":"\n<p>Retrouvez ici notre exp\u00e9rience avec quelques v\u00e9hicules que nous avons achet\u00e9s et utilis\u00e9s, et ce au travers de divers \u00ab\u00a0BLOGS\u00a0\u00bb, .<br><strong>Les bonnes et moins bonnes exp\u00e9riences<\/strong><\/p>\n\n\n\n<p><mark style=\"background-color:rgba(0, 0, 0, 0);color:#fa0404\" class=\"has-inline-color\"><strong>Cliquez sur la photo du v\u00e9hicule pour acc\u00e9der \u00e0 son blog.<\/strong><\/mark><\/p>\n\n\n\n<p><a href=\"https:\/\/denis-meunier.be\/NosVehicules\/\">Blog \u00ab\u00a0v\u00e9hicules Exp\u00e9riences Perso\u00a0\u00bb<\/a><\/p>\n\n\n\n<div class=\"wp-block-group has-light-gray-background-color has-background\"><div class=\"wp-block-group__inner-container is-layout-constrained wp-block-group-is-layout-constrained\">\n<h2 class=\"wp-block-heading\"><strong>La BYD Dolphin Surf Confort<\/strong> ( 02.2026 )<\/h2>\n\n\n\n<p>(en remplacement de la Peugeot 208)<\/p>\n\n\n\n<figure class=\"wp-block-image size-full\"><a href=\"https:\/\/denis-meunier.be\/NosVehicules\/category\/le-byd-dolphin-surf\/\"><img loading=\"lazy\" decoding=\"async\" width=\"2560\" height=\"1441\" src=\"https:\/\/denis-meunier.be\/Deonisios\/wp-content\/uploads\/2026\/03\/20260214_132658-scaled.jpg\" alt=\"\" class=\"wp-image-1667\" srcset=\"https:\/\/denis-meunier.be\/Deonisios\/wp-content\/uploads\/2026\/03\/20260214_132658-scaled.jpg 2560w, https:\/\/denis-meunier.be\/Deonisios\/wp-content\/uploads\/2026\/03\/20260214_132658-300x169.jpg 300w, https:\/\/denis-meunier.be\/Deonisios\/wp-content\/uploads\/2026\/03\/20260214_132658-1024x577.jpg 1024w, https:\/\/denis-meunier.be\/Deonisios\/wp-content\/uploads\/2026\/03\/20260214_132658-768x432.jpg 768w, https:\/\/denis-meunier.be\/Deonisios\/wp-content\/uploads\/2026\/03\/20260214_132658-1536x865.jpg 1536w, https:\/\/denis-meunier.be\/Deonisios\/wp-content\/uploads\/2026\/03\/20260214_132658-2048x1153.jpg 2048w\" sizes=\"auto, (max-width: 2560px) 100vw, 2560px\" \/><\/a><\/figure>\n\n\n\n<p>Voir plus de d\u00e9tails sur mon blog <a href=\"https:\/\/denis-meunier.be\/NosVehicules\/category\/le-byd-dolphin-surf\/\">ICI<\/a><br>(Commentaires ouverts)<\/p>\n<\/div><\/div>\n\n\n\n<div class=\"wp-block-group has-light-gray-background-color has-background\"><div class=\"wp-block-group__inner-container is-layout-constrained wp-block-group-is-layout-constrained\">\n<h2 class=\"wp-block-heading\"><strong>La Peugeot 208 1,2 Puretech<\/strong> (05.2019 -&gt; 02.2026)<\/h2>\n\n\n\n<p>Pas trop de probl\u00e8me sur la dur\u00e9e de l&rsquo;utilisation.<br>50.200 Km au compteur lors de sa reprise par le garage Peugeot<br><strong>Probl\u00e8me<\/strong> connu de ce moteur : la courroie de distribution \u00e0 remplacer \u00e0 partir de  6 ans ou 100.000 km (ce qui fait baisser le prix de revente en ce qui nous concerne)<\/p>\n\n\n\n<figure class=\"wp-block-image size-full\"><a href=\"https:\/\/denis-meunier.be\/NosVehicules\/category\/la-peugeot-208\/\"><img loading=\"lazy\" decoding=\"async\" width=\"1008\" height=\"756\" src=\"https:\/\/denis-meunier.be\/Deonisios\/wp-content\/uploads\/2026\/01\/20190518.jpg\" alt=\"\" class=\"wp-image-1548\" srcset=\"https:\/\/denis-meunier.be\/Deonisios\/wp-content\/uploads\/2026\/01\/20190518.jpg 1008w, https:\/\/denis-meunier.be\/Deonisios\/wp-content\/uploads\/2026\/01\/20190518-300x225.jpg 300w, https:\/\/denis-meunier.be\/Deonisios\/wp-content\/uploads\/2026\/01\/20190518-768x576.jpg 768w\" sizes=\"auto, (max-width: 1008px) 100vw, 1008px\" \/><\/a><\/figure>\n\n\n\n<p>Voir plus de d\u00e9tails sur mon blog <a href=\"https:\/\/denis-meunier.be\/NosVehicules\/category\/la-peugeot-208\/\">ICI<\/a><\/p>\n<\/div><\/div>\n\n\n\n<div class=\"wp-block-group has-light-gray-background-color has-background\"><div class=\"wp-block-group__inner-container is-layout-constrained wp-block-group-is-layout-constrained\">\n<h2 class=\"wp-block-heading\"><strong>Le TIGUAN 2 (VW)<\/strong> Mai 2017 -&gt; &#8230; toujours en service&#x1f609;<\/h2>\n\n\n\n<p>Un v\u00e9hicule confortable et super \u00e9quip\u00e9. Pas de probl\u00e8me majeur \u00e0 ce jour.<\/p>\n\n\n<div class=\"wp-block-image\">\n<figure class=\"aligncenter size-large\"><a href=\"https:\/\/denis-meunier.be\/NosVehicules\/category\/le-tiguan-ii\/\"><img loading=\"lazy\" decoding=\"async\" width=\"1024\" height=\"576\" src=\"https:\/\/denis-meunier.be\/Deonisios\/wp-content\/uploads\/2026\/01\/20170610_115736-1024x576.jpg\" alt=\"\" class=\"wp-image-1563\" srcset=\"https:\/\/denis-meunier.be\/Deonisios\/wp-content\/uploads\/2026\/01\/20170610_115736-1024x576.jpg 1024w, https:\/\/denis-meunier.be\/Deonisios\/wp-content\/uploads\/2026\/01\/20170610_115736-300x169.jpg 300w, https:\/\/denis-meunier.be\/Deonisios\/wp-content\/uploads\/2026\/01\/20170610_115736-768x432.jpg 768w, https:\/\/denis-meunier.be\/Deonisios\/wp-content\/uploads\/2026\/01\/20170610_115736-1536x864.jpg 1536w, https:\/\/denis-meunier.be\/Deonisios\/wp-content\/uploads\/2026\/01\/20170610_115736-2048x1152.jpg 2048w\" sizes=\"auto, (max-width: 1024px) 100vw, 1024px\" \/><\/a><\/figure>\n<\/div>\n\n\n<p>Plus d&rsquo;information \u00e0 son sujet <a href=\"https:\/\/denis-meunier.be\/NosVehicules\/category\/le-tiguan-ii\/\">ICI<\/a><\/p>\n<\/div><\/div>\n\n\n\n<div class=\"wp-block-group has-light-gray-background-color has-background\"><div class=\"wp-block-group__inner-container is-layout-constrained wp-block-group-is-layout-constrained\">\n<h2 class=\"wp-block-heading\"><strong>Le TIGUAN 1 (VW)<\/strong> Mars 2011 -&gt; Mai 2017<\/h2>\n\n\n\n<p>Le rempla\u00e7ant du Ford S-Max<br>Rien \u00e0 dire : Confort, robustesse, un vrai chameau (Diesel)<\/p>\n\n\n\n<figure class=\"wp-block-image size-large\"><a href=\"https:\/\/denis-meunier.be\/NosVehicules\/category\/notre-1er-tiguan\/\"><img loading=\"lazy\" decoding=\"async\" width=\"1024\" height=\"576\" src=\"https:\/\/denis-meunier.be\/Deonisios\/wp-content\/uploads\/2026\/02\/20160423_181330-2-1024x576.jpg\" alt=\"\" class=\"wp-image-1639\" srcset=\"https:\/\/denis-meunier.be\/Deonisios\/wp-content\/uploads\/2026\/02\/20160423_181330-2-1024x576.jpg 1024w, https:\/\/denis-meunier.be\/Deonisios\/wp-content\/uploads\/2026\/02\/20160423_181330-2-300x169.jpg 300w, https:\/\/denis-meunier.be\/Deonisios\/wp-content\/uploads\/2026\/02\/20160423_181330-2-768x432.jpg 768w, https:\/\/denis-meunier.be\/Deonisios\/wp-content\/uploads\/2026\/02\/20160423_181330-2.jpg 1280w\" sizes=\"auto, (max-width: 1024px) 100vw, 1024px\" \/><\/a><\/figure>\n\n\n\n<p>Voir son (bref) historique <a href=\"https:\/\/denis-meunier.be\/NosVehicules\/category\/notre-1er-tiguan\/\">ICI<\/a><\/p>\n<\/div><\/div>\n\n\n\n<div class=\"wp-block-group has-light-gray-background-color has-background\"><div class=\"wp-block-group__inner-container is-layout-constrained wp-block-group-is-layout-constrained\">\n<h2 class=\"wp-block-heading\"><strong>Le S-MAX (2006 -&gt;02-2011)<\/strong><\/h2>\n\n\n\n<p>Ce n&rsquo;est pas le premier ni le dernier v\u00e9hicule, mais c&rsquo;est celui qui m&rsquo;a incit\u00e9 \u00e0 \u00e9crire ce BLOG, \u00e9tant donn\u00e9 les tr\u00e8s nombreux d\u00e9boires que nous avons subis avec ce v\u00e9hicule<\/p>\n\n\n<div class=\"wp-block-image\">\n<figure class=\"aligncenter size-large\"><a href=\"https:\/\/denis-meunier.be\/smax\/\"><img decoding=\"async\" src=\"http:\/\/denis-meunier.be\/smax\/wp-content\/uploads\/2007\/02\/dyn007_original_500_375_pjpeg_2569915_8c8256fa3d5c2cf8d35b0e65925f5b53.jpg\" alt=\"\"\/><\/a><\/figure>\n<\/div>\n\n\n<p><a href=\"https:\/\/denis-meunier.be\/smax\/\">Voir le BLOG cr\u00e9\u00e9 au sujet de ce v\u00e9hicule ICI<\/a><\/p>\n<\/div><\/div>\n\n\n\n<p>Pour les v\u00e9hicules suivants, \u2026 pas de blog &#x1fae2;<\/p>\n\n\n\n<div class=\"wp-block-group has-light-gray-background-color has-background\"><div class=\"wp-block-group__inner-container is-layout-constrained wp-block-group-is-layout-constrained\">\n<h2 class=\"wp-block-heading\"><strong>L&rsquo;AUDI A1<\/strong> (2012 &#8211; 2019)<\/h2>\n\n\n\n<p>La rempla\u00e7ante de la <strong>Polo<\/strong><br>8 ann\u00e9es sans probl\u00e8me<br>Remplac\u00e9e par la <strong>Peugeot 208<\/strong><\/p>\n\n\n\n<figure data-wp-context=\"{&quot;imageId&quot;:&quot;6a04a8efc6d1a&quot;}\" data-wp-interactive=\"core\/image\" data-wp-key=\"6a04a8efc6d1a\" class=\"wp-block-image size-large wp-lightbox-container\"><img loading=\"lazy\" decoding=\"async\" width=\"1024\" height=\"576\" data-wp-class--hide=\"state.isContentHidden\" data-wp-class--show=\"state.isContentVisible\" data-wp-init=\"callbacks.setButtonStyles\" data-wp-on--click=\"actions.showLightbox\" data-wp-on--load=\"callbacks.setButtonStyles\" data-wp-on-window--resize=\"callbacks.setButtonStyles\" src=\"https:\/\/denis-meunier.be\/Deonisios\/wp-content\/uploads\/2026\/01\/2017-12-02-IMG_0008-1024x576.jpg\" alt=\"\" class=\"wp-image-1550\" srcset=\"https:\/\/denis-meunier.be\/Deonisios\/wp-content\/uploads\/2026\/01\/2017-12-02-IMG_0008-1024x576.jpg 1024w, https:\/\/denis-meunier.be\/Deonisios\/wp-content\/uploads\/2026\/01\/2017-12-02-IMG_0008-300x169.jpg 300w, https:\/\/denis-meunier.be\/Deonisios\/wp-content\/uploads\/2026\/01\/2017-12-02-IMG_0008-768x432.jpg 768w, https:\/\/denis-meunier.be\/Deonisios\/wp-content\/uploads\/2026\/01\/2017-12-02-IMG_0008-1536x864.jpg 1536w, https:\/\/denis-meunier.be\/Deonisios\/wp-content\/uploads\/2026\/01\/2017-12-02-IMG_0008-2048x1152.jpg 2048w\" sizes=\"auto, (max-width: 1024px) 100vw, 1024px\" \/><button\n\t\t\tclass=\"lightbox-trigger\"\n\t\t\ttype=\"button\"\n\t\t\taria-haspopup=\"dialog\"\n\t\t\taria-label=\"Agrandir\"\n\t\t\tdata-wp-init=\"callbacks.initTriggerButton\"\n\t\t\tdata-wp-on--click=\"actions.showLightbox\"\n\t\t\tdata-wp-style--right=\"state.imageButtonRight\"\n\t\t\tdata-wp-style--top=\"state.imageButtonTop\"\n\t\t>\n\t\t\t<svg xmlns=\"http:\/\/www.w3.org\/2000\/svg\" width=\"12\" height=\"12\" fill=\"none\" viewBox=\"0 0 12 12\">\n\t\t\t\t<path fill=\"#fff\" d=\"M2 0a2 2 0 0 0-2 2v2h1.5V2a.5.5 0 0 1 .5-.5h2V0H2Zm2 10.5H2a.5.5 0 0 1-.5-.5V8H0v2a2 2 0 0 0 2 2h2v-1.5ZM8 12v-1.5h2a.5.5 0 0 0 .5-.5V8H12v2a2 2 0 0 1-2 2H8Zm2-12a2 2 0 0 1 2 2v2h-1.5V2a.5.5 0 0 0-.5-.5H8V0h2Z\" \/>\n\t\t\t<\/svg>\n\t\t<\/button><\/figure>\n<\/div><\/div>\n\n\n\n<div class=\"wp-block-group has-light-gray-background-color has-background\"><div class=\"wp-block-group__inner-container is-layout-constrained wp-block-group-is-layout-constrained\">\n<h2 class=\"wp-block-heading\"><strong>Le SHARAN (VW)<\/strong> ( 1997 -&gt; 2006)<\/h2>\n\n\n\n<p>9 ans de bons et loyaux services<br>Rien que du plaisir, le confort de l&rsquo;espace !<br>Remplac\u00e9 par le<strong> S-MAX de Ford<\/strong><\/p>\n\n\n\n<figure data-wp-context=\"{&quot;imageId&quot;:&quot;6a04a8efc716e&quot;}\" data-wp-interactive=\"core\/image\" data-wp-key=\"6a04a8efc716e\" class=\"wp-block-image size-full wp-lightbox-container\"><img loading=\"lazy\" decoding=\"async\" width=\"2048\" height=\"1536\" data-wp-class--hide=\"state.isContentHidden\" data-wp-class--show=\"state.isContentVisible\" data-wp-init=\"callbacks.setButtonStyles\" data-wp-on--click=\"actions.showLightbox\" data-wp-on--load=\"callbacks.setButtonStyles\" data-wp-on-window--resize=\"callbacks.setButtonStyles\" src=\"https:\/\/denis-meunier.be\/Deonisios\/wp-content\/uploads\/2026\/01\/SHARAN18.jpg\" alt=\"\" class=\"wp-image-1551\" srcset=\"https:\/\/denis-meunier.be\/Deonisios\/wp-content\/uploads\/2026\/01\/SHARAN18.jpg 2048w, https:\/\/denis-meunier.be\/Deonisios\/wp-content\/uploads\/2026\/01\/SHARAN18-300x225.jpg 300w, https:\/\/denis-meunier.be\/Deonisios\/wp-content\/uploads\/2026\/01\/SHARAN18-1024x768.jpg 1024w, https:\/\/denis-meunier.be\/Deonisios\/wp-content\/uploads\/2026\/01\/SHARAN18-768x576.jpg 768w, https:\/\/denis-meunier.be\/Deonisios\/wp-content\/uploads\/2026\/01\/SHARAN18-1536x1152.jpg 1536w\" sizes=\"auto, (max-width: 2048px) 100vw, 2048px\" \/><button\n\t\t\tclass=\"lightbox-trigger\"\n\t\t\ttype=\"button\"\n\t\t\taria-haspopup=\"dialog\"\n\t\t\taria-label=\"Agrandir\"\n\t\t\tdata-wp-init=\"callbacks.initTriggerButton\"\n\t\t\tdata-wp-on--click=\"actions.showLightbox\"\n\t\t\tdata-wp-style--right=\"state.imageButtonRight\"\n\t\t\tdata-wp-style--top=\"state.imageButtonTop\"\n\t\t>\n\t\t\t<svg xmlns=\"http:\/\/www.w3.org\/2000\/svg\" width=\"12\" height=\"12\" fill=\"none\" viewBox=\"0 0 12 12\">\n\t\t\t\t<path fill=\"#fff\" d=\"M2 0a2 2 0 0 0-2 2v2h1.5V2a.5.5 0 0 1 .5-.5h2V0H2Zm2 10.5H2a.5.5 0 0 1-.5-.5V8H0v2a2 2 0 0 0 2 2h2v-1.5ZM8 12v-1.5h2a.5.5 0 0 0 .5-.5V8H12v2a2 2 0 0 1-2 2H8Zm2-12a2 2 0 0 1 2 2v2h-1.5V2a.5.5 0 0 0-.5-.5H8V0h2Z\" \/>\n\t\t\t<\/svg>\n\t\t<\/button><\/figure>\n<\/div><\/div>\n\n\n\n<div class=\"wp-block-group has-light-gray-background-color has-background\"><div class=\"wp-block-group__inner-container is-layout-constrained wp-block-group-is-layout-constrained\">\n<h2 class=\"wp-block-heading\"><strong>La POLO (VW)<\/strong> ( 1996 -&gt; 2012)<\/h2>\n\n\n\n<p>16 ans de pur plaisir<br>Remplac\u00e9e par l&rsquo;Audi A1<\/p>\n\n\n\n<figure data-wp-context=\"{&quot;imageId&quot;:&quot;6a04a8efc753f&quot;}\" data-wp-interactive=\"core\/image\" data-wp-key=\"6a04a8efc753f\" class=\"wp-block-image size-large wp-lightbox-container\"><img loading=\"lazy\" decoding=\"async\" width=\"1024\" height=\"768\" data-wp-class--hide=\"state.isContentHidden\" data-wp-class--show=\"state.isContentVisible\" data-wp-init=\"callbacks.setButtonStyles\" data-wp-on--click=\"actions.showLightbox\" data-wp-on--load=\"callbacks.setButtonStyles\" data-wp-on-window--resize=\"callbacks.setButtonStyles\" src=\"https:\/\/denis-meunier.be\/Deonisios\/wp-content\/uploads\/2026\/01\/12102008067-1024x768.jpg\" alt=\"\" class=\"wp-image-1552\" srcset=\"https:\/\/denis-meunier.be\/Deonisios\/wp-content\/uploads\/2026\/01\/12102008067-1024x768.jpg 1024w, https:\/\/denis-meunier.be\/Deonisios\/wp-content\/uploads\/2026\/01\/12102008067-300x225.jpg 300w, https:\/\/denis-meunier.be\/Deonisios\/wp-content\/uploads\/2026\/01\/12102008067-768x576.jpg 768w, https:\/\/denis-meunier.be\/Deonisios\/wp-content\/uploads\/2026\/01\/12102008067-1536x1152.jpg 1536w, https:\/\/denis-meunier.be\/Deonisios\/wp-content\/uploads\/2026\/01\/12102008067.jpg 2048w\" sizes=\"auto, (max-width: 1024px) 100vw, 1024px\" \/><button\n\t\t\tclass=\"lightbox-trigger\"\n\t\t\ttype=\"button\"\n\t\t\taria-haspopup=\"dialog\"\n\t\t\taria-label=\"Agrandir\"\n\t\t\tdata-wp-init=\"callbacks.initTriggerButton\"\n\t\t\tdata-wp-on--click=\"actions.showLightbox\"\n\t\t\tdata-wp-style--right=\"state.imageButtonRight\"\n\t\t\tdata-wp-style--top=\"state.imageButtonTop\"\n\t\t>\n\t\t\t<svg xmlns=\"http:\/\/www.w3.org\/2000\/svg\" width=\"12\" height=\"12\" fill=\"none\" viewBox=\"0 0 12 12\">\n\t\t\t\t<path fill=\"#fff\" d=\"M2 0a2 2 0 0 0-2 2v2h1.5V2a.5.5 0 0 1 .5-.5h2V0H2Zm2 10.5H2a.5.5 0 0 1-.5-.5V8H0v2a2 2 0 0 0 2 2h2v-1.5ZM8 12v-1.5h2a.5.5 0 0 0 .5-.5V8H12v2a2 2 0 0 1-2 2H8Zm2-12a2 2 0 0 1 2 2v2h-1.5V2a.5.5 0 0 0-.5-.5H8V0h2Z\" \/>\n\t\t\t<\/svg>\n\t\t<\/button><\/figure>\n<\/div><\/div>\n\n\n\n<div class=\"wp-block-group has-light-gray-background-color has-background\"><div class=\"wp-block-group__inner-container is-layout-constrained wp-block-group-is-layout-constrained\">\n<h2 class=\"wp-block-heading\"><strong>La Jetta Pacifique (VW)<\/strong><\/h2>\n\n\n\n<p>Tellement pacifique&#8230; que j&rsquo;ai pas retrouv\u00e9 d&rsquo;autre photo &#x1fae2;<\/p>\n\n\n\n<figure class=\"wp-block-image size-large\"><img loading=\"lazy\" decoding=\"async\" width=\"1024\" height=\"624\" src=\"https:\/\/denis-meunier.be\/Deonisios\/wp-content\/uploads\/2026\/02\/JETTA-2-1024x624.jpg\" alt=\"\" class=\"wp-image-1628\" srcset=\"https:\/\/denis-meunier.be\/Deonisios\/wp-content\/uploads\/2026\/02\/JETTA-2-1024x624.jpg 1024w, https:\/\/denis-meunier.be\/Deonisios\/wp-content\/uploads\/2026\/02\/JETTA-2-300x183.jpg 300w, https:\/\/denis-meunier.be\/Deonisios\/wp-content\/uploads\/2026\/02\/JETTA-2-768x468.jpg 768w, https:\/\/denis-meunier.be\/Deonisios\/wp-content\/uploads\/2026\/02\/JETTA-2-1536x935.jpg 1536w, https:\/\/denis-meunier.be\/Deonisios\/wp-content\/uploads\/2026\/02\/JETTA-2.jpg 1616w\" sizes=\"auto, (max-width: 1024px) 100vw, 1024px\" \/><\/figure>\n<\/div><\/div>\n\n\n\n<div class=\"wp-block-group has-light-gray-background-color has-background\"><div class=\"wp-block-group__inner-container is-layout-constrained wp-block-group-is-layout-constrained\">\n<h2 class=\"wp-block-heading\"><strong>La Golf 1600 (VW)<\/strong><\/h2>\n\n\n\n<p>(pas retrouv\u00e9 de photos)<\/p>\n\n\n<\/div><\/div>\n\n\n\n<div class=\"wp-block-group has-light-gray-background-color has-background\"><div class=\"wp-block-group__inner-container is-layout-constrained wp-block-group-is-layout-constrained\">\n<h2 class=\"wp-block-heading\"><strong>La Golf 1 (VW)<\/strong><\/h2>\n\n\n\n<p><\/p>\n\n\n\n<figure data-wp-context=\"{&quot;imageId&quot;:&quot;6a04a8efc7a5c&quot;}\" data-wp-interactive=\"core\/image\" data-wp-key=\"6a04a8efc7a5c\" class=\"wp-block-image size-large wp-lightbox-container\"><img loading=\"lazy\" decoding=\"async\" width=\"1024\" height=\"576\" data-wp-class--hide=\"state.isContentHidden\" data-wp-class--show=\"state.isContentVisible\" data-wp-init=\"callbacks.setButtonStyles\" data-wp-on--click=\"actions.showLightbox\" data-wp-on--load=\"callbacks.setButtonStyles\" data-wp-on-window--resize=\"callbacks.setButtonStyles\" src=\"https:\/\/denis-meunier.be\/Deonisios\/wp-content\/uploads\/2026\/01\/PICT0011-1024x576.jpg\" alt=\"\" class=\"wp-image-1558\" srcset=\"https:\/\/denis-meunier.be\/Deonisios\/wp-content\/uploads\/2026\/01\/PICT0011-1024x576.jpg 1024w, https:\/\/denis-meunier.be\/Deonisios\/wp-content\/uploads\/2026\/01\/PICT0011-300x169.jpg 300w, https:\/\/denis-meunier.be\/Deonisios\/wp-content\/uploads\/2026\/01\/PICT0011-768x432.jpg 768w, https:\/\/denis-meunier.be\/Deonisios\/wp-content\/uploads\/2026\/01\/PICT0011-1536x864.jpg 1536w, https:\/\/denis-meunier.be\/Deonisios\/wp-content\/uploads\/2026\/01\/PICT0011-2048x1152.jpg 2048w\" sizes=\"auto, (max-width: 1024px) 100vw, 1024px\" \/><button\n\t\t\tclass=\"lightbox-trigger\"\n\t\t\ttype=\"button\"\n\t\t\taria-haspopup=\"dialog\"\n\t\t\taria-label=\"Agrandir\"\n\t\t\tdata-wp-init=\"callbacks.initTriggerButton\"\n\t\t\tdata-wp-on--click=\"actions.showLightbox\"\n\t\t\tdata-wp-style--right=\"state.imageButtonRight\"\n\t\t\tdata-wp-style--top=\"state.imageButtonTop\"\n\t\t>\n\t\t\t<svg xmlns=\"http:\/\/www.w3.org\/2000\/svg\" width=\"12\" height=\"12\" fill=\"none\" viewBox=\"0 0 12 12\">\n\t\t\t\t<path fill=\"#fff\" d=\"M2 0a2 2 0 0 0-2 2v2h1.5V2a.5.5 0 0 1 .5-.5h2V0H2Zm2 10.5H2a.5.5 0 0 1-.5-.5V8H0v2a2 2 0 0 0 2 2h2v-1.5ZM8 12v-1.5h2a.5.5 0 0 0 .5-.5V8H12v2a2 2 0 0 1-2 2H8Zm2-12a2 2 0 0 1 2 2v2h-1.5V2a.5.5 0 0 0-.5-.5H8V0h2Z\" \/>\n\t\t\t<\/svg>\n\t\t<\/button><\/figure>\n<\/div><\/div>\n\n\n\n<div class=\"wp-block-group has-light-gray-background-color has-background\"><div class=\"wp-block-group__inner-container is-layout-constrained wp-block-group-is-layout-constrained\">\n<h2 class=\"wp-block-heading\"><strong>La Datsun Cherry 1200 (Nissan)<\/strong> <\/h2>\n\n\n\n<p><\/p>\n\n\n\n<figure data-wp-context=\"{&quot;imageId&quot;:&quot;6a04a8efc7df5&quot;}\" data-wp-interactive=\"core\/image\" data-wp-key=\"6a04a8efc7df5\" class=\"wp-block-image size-large wp-lightbox-container\"><img loading=\"lazy\" decoding=\"async\" width=\"1024\" height=\"576\" data-wp-class--hide=\"state.isContentHidden\" data-wp-class--show=\"state.isContentVisible\" data-wp-init=\"callbacks.setButtonStyles\" data-wp-on--click=\"actions.showLightbox\" data-wp-on--load=\"callbacks.setButtonStyles\" data-wp-on-window--resize=\"callbacks.setButtonStyles\" src=\"https:\/\/denis-meunier.be\/Deonisios\/wp-content\/uploads\/2026\/01\/PICT0012-1024x576.jpg\" alt=\"\" class=\"wp-image-1557\" srcset=\"https:\/\/denis-meunier.be\/Deonisios\/wp-content\/uploads\/2026\/01\/PICT0012-1024x576.jpg 1024w, https:\/\/denis-meunier.be\/Deonisios\/wp-content\/uploads\/2026\/01\/PICT0012-300x169.jpg 300w, https:\/\/denis-meunier.be\/Deonisios\/wp-content\/uploads\/2026\/01\/PICT0012-768x432.jpg 768w, https:\/\/denis-meunier.be\/Deonisios\/wp-content\/uploads\/2026\/01\/PICT0012-1536x864.jpg 1536w, https:\/\/denis-meunier.be\/Deonisios\/wp-content\/uploads\/2026\/01\/PICT0012-2048x1152.jpg 2048w\" sizes=\"auto, (max-width: 1024px) 100vw, 1024px\" \/><button\n\t\t\tclass=\"lightbox-trigger\"\n\t\t\ttype=\"button\"\n\t\t\taria-haspopup=\"dialog\"\n\t\t\taria-label=\"Agrandir\"\n\t\t\tdata-wp-init=\"callbacks.initTriggerButton\"\n\t\t\tdata-wp-on--click=\"actions.showLightbox\"\n\t\t\tdata-wp-style--right=\"state.imageButtonRight\"\n\t\t\tdata-wp-style--top=\"state.imageButtonTop\"\n\t\t>\n\t\t\t<svg xmlns=\"http:\/\/www.w3.org\/2000\/svg\" width=\"12\" height=\"12\" fill=\"none\" viewBox=\"0 0 12 12\">\n\t\t\t\t<path fill=\"#fff\" d=\"M2 0a2 2 0 0 0-2 2v2h1.5V2a.5.5 0 0 1 .5-.5h2V0H2Zm2 10.5H2a.5.5 0 0 1-.5-.5V8H0v2a2 2 0 0 0 2 2h2v-1.5ZM8 12v-1.5h2a.5.5 0 0 0 .5-.5V8H12v2a2 2 0 0 1-2 2H8Zm2-12a2 2 0 0 1 2 2v2h-1.5V2a.5.5 0 0 0-.5-.5H8V0h2Z\" \/>\n\t\t\t<\/svg>\n\t\t<\/button><\/figure>\n<\/div><\/div>\n\n\n\n<div class=\"wp-block-group has-light-gray-background-color has-background\"><div class=\"wp-block-group__inner-container is-layout-constrained wp-block-group-is-layout-constrained\">\n<h2 class=\"wp-block-heading\"><strong>La Datsun 120A (Nissan)<\/strong> <\/h2>\n\n\n\n<figure data-wp-context=\"{&quot;imageId&quot;:&quot;6a04a8efc8380&quot;}\" data-wp-interactive=\"core\/image\" data-wp-key=\"6a04a8efc8380\" class=\"wp-block-image size-full wp-lightbox-container\"><img loading=\"lazy\" decoding=\"async\" width=\"2451\" height=\"1839\" data-wp-class--hide=\"state.isContentHidden\" data-wp-class--show=\"state.isContentVisible\" data-wp-init=\"callbacks.setButtonStyles\" data-wp-on--click=\"actions.showLightbox\" data-wp-on--load=\"callbacks.setButtonStyles\" data-wp-on-window--resize=\"callbacks.setButtonStyles\" src=\"https:\/\/denis-meunier.be\/Deonisios\/wp-content\/uploads\/2026\/03\/1000039552.jpg\" alt=\"\" class=\"wp-image-1660\" srcset=\"https:\/\/denis-meunier.be\/Deonisios\/wp-content\/uploads\/2026\/03\/1000039552.jpg 2451w, https:\/\/denis-meunier.be\/Deonisios\/wp-content\/uploads\/2026\/03\/1000039552-300x225.jpg 300w, https:\/\/denis-meunier.be\/Deonisios\/wp-content\/uploads\/2026\/03\/1000039552-1024x768.jpg 1024w, https:\/\/denis-meunier.be\/Deonisios\/wp-content\/uploads\/2026\/03\/1000039552-768x576.jpg 768w, https:\/\/denis-meunier.be\/Deonisios\/wp-content\/uploads\/2026\/03\/1000039552-1536x1152.jpg 1536w, https:\/\/denis-meunier.be\/Deonisios\/wp-content\/uploads\/2026\/03\/1000039552-2048x1537.jpg 2048w\" sizes=\"auto, (max-width: 2451px) 100vw, 2451px\" \/><button\n\t\t\tclass=\"lightbox-trigger\"\n\t\t\ttype=\"button\"\n\t\t\taria-haspopup=\"dialog\"\n\t\t\taria-label=\"Agrandir\"\n\t\t\tdata-wp-init=\"callbacks.initTriggerButton\"\n\t\t\tdata-wp-on--click=\"actions.showLightbox\"\n\t\t\tdata-wp-style--right=\"state.imageButtonRight\"\n\t\t\tdata-wp-style--top=\"state.imageButtonTop\"\n\t\t>\n\t\t\t<svg xmlns=\"http:\/\/www.w3.org\/2000\/svg\" width=\"12\" height=\"12\" fill=\"none\" viewBox=\"0 0 12 12\">\n\t\t\t\t<path fill=\"#fff\" d=\"M2 0a2 2 0 0 0-2 2v2h1.5V2a.5.5 0 0 1 .5-.5h2V0H2Zm2 10.5H2a.5.5 0 0 1-.5-.5V8H0v2a2 2 0 0 0 2 2h2v-1.5ZM8 12v-1.5h2a.5.5 0 0 0 .5-.5V8H12v2a2 2 0 0 1-2 2H8Zm2-12a2 2 0 0 1 2 2v2h-1.5V2a.5.5 0 0 0-.5-.5H8V0h2Z\" \/>\n\t\t\t<\/svg>\n\t\t<\/button><\/figure>\n<\/div><\/div>\n\n\n\n<div class=\"wp-block-group has-light-gray-background-color has-background\"><div class=\"wp-block-group__inner-container is-layout-constrained wp-block-group-is-layout-constrained\">\n<h2 class=\"wp-block-heading\"><strong>La Datsun 1000 (Nissan)<\/strong> 1970 &#8211; 1972<\/h2>\n\n\n\n<figure data-wp-context=\"{&quot;imageId&quot;:&quot;6a04a8efc870b&quot;}\" data-wp-interactive=\"core\/image\" data-wp-key=\"6a04a8efc870b\" class=\"wp-block-image size-full wp-lightbox-container\"><img loading=\"lazy\" decoding=\"async\" width=\"684\" height=\"477\" data-wp-class--hide=\"state.isContentHidden\" data-wp-class--show=\"state.isContentVisible\" data-wp-init=\"callbacks.setButtonStyles\" data-wp-on--click=\"actions.showLightbox\" data-wp-on--load=\"callbacks.setButtonStyles\" data-wp-on-window--resize=\"callbacks.setButtonStyles\" src=\"https:\/\/denis-meunier.be\/Deonisios\/wp-content\/uploads\/2026\/02\/DATSUN-100A.jpg\" alt=\"\" class=\"wp-image-1630\" srcset=\"https:\/\/denis-meunier.be\/Deonisios\/wp-content\/uploads\/2026\/02\/DATSUN-100A.jpg 684w, https:\/\/denis-meunier.be\/Deonisios\/wp-content\/uploads\/2026\/02\/DATSUN-100A-300x209.jpg 300w\" sizes=\"auto, (max-width: 684px) 100vw, 684px\" \/><button\n\t\t\tclass=\"lightbox-trigger\"\n\t\t\ttype=\"button\"\n\t\t\taria-haspopup=\"dialog\"\n\t\t\taria-label=\"Agrandir\"\n\t\t\tdata-wp-init=\"callbacks.initTriggerButton\"\n\t\t\tdata-wp-on--click=\"actions.showLightbox\"\n\t\t\tdata-wp-style--right=\"state.imageButtonRight\"\n\t\t\tdata-wp-style--top=\"state.imageButtonTop\"\n\t\t>\n\t\t\t<svg xmlns=\"http:\/\/www.w3.org\/2000\/svg\" width=\"12\" height=\"12\" fill=\"none\" viewBox=\"0 0 12 12\">\n\t\t\t\t<path fill=\"#fff\" d=\"M2 0a2 2 0 0 0-2 2v2h1.5V2a.5.5 0 0 1 .5-.5h2V0H2Zm2 10.5H2a.5.5 0 0 1-.5-.5V8H0v2a2 2 0 0 0 2 2h2v-1.5ZM8 12v-1.5h2a.5.5 0 0 0 .5-.5V8H12v2a2 2 0 0 1-2 2H8Zm2-12a2 2 0 0 1 2 2v2h-1.5V2a.5.5 0 0 0-.5-.5H8V0h2Z\" \/>\n\t\t\t<\/svg>\n\t\t<\/button><\/figure>\n<\/div><\/div>\n\n\n\n<p><\/p>\n","protected":false},"excerpt":{"rendered":"<p>Retrouvez ici notre exp\u00e9rience avec quelques v\u00e9hicules que nous avons achet\u00e9s et utilis\u00e9s, et ce au travers de divers \u00ab\u00a0BLOGS\u00a0\u00bb, .Les bonnes et moins bonnes exp\u00e9riences Cliquez sur la photo du v\u00e9hicule pour acc\u00e9der \u00e0 son blog. Blog \u00ab\u00a0v\u00e9hicules Exp\u00e9riences &hellip; <a href=\"https:\/\/denis-meunier.be\/Deonisios\/nos-vehicules\/\">Continuer la lecture <span class=\"meta-nav\">&rarr;<\/span><\/a><\/p>\n","protected":false},"author":1,"featured_media":0,"parent":0,"menu_order":0,"comment_status":"closed","ping_status":"closed","template":"","meta":{"footnotes":""},"class_list":["post-1544","page","type-page","status-publish","hentry"],"_links":{"self":[{"href":"https:\/\/denis-meunier.be\/Deonisios\/wp-json\/wp\/v2\/pages\/1544","targetHints":{"allow":["GET"]}}],"collection":[{"href":"https:\/\/denis-meunier.be\/Deonisios\/wp-json\/wp\/v2\/pages"}],"about":[{"href":"https:\/\/denis-meunier.be\/Deonisios\/wp-json\/wp\/v2\/types\/page"}],"author":[{"embeddable":true,"href":"https:\/\/denis-meunier.be\/Deonisios\/wp-json\/wp\/v2\/users\/1"}],"replies":[{"embeddable":true,"href":"https:\/\/denis-meunier.be\/Deonisios\/wp-json\/wp\/v2\/comments?post=1544"}],"version-history":[{"count":32,"href":"https:\/\/denis-meunier.be\/Deonisios\/wp-json\/wp\/v2\/pages\/1544\/revisions"}],"predecessor-version":[{"id":1673,"href":"https:\/\/denis-meunier.be\/Deonisios\/wp-json\/wp\/v2\/pages\/1544\/revisions\/1673"}],"wp:attachment":[{"href":"https:\/\/denis-meunier.be\/Deonisios\/wp-json\/wp\/v2\/media?parent=1544"}],"curies":[{"name":"wp","href":"https:\/\/api.w.org\/{rel}","templated":true}]}}